{"id":1318,"date":"2020-08-25T14:11:16","date_gmt":"2020-08-25T14:11:16","guid":{"rendered":"https:\/\/www.leners.lu\/about\/"},"modified":"2024-01-06T16:38:59","modified_gmt":"2024-01-06T16:38:59","slug":"about","status":"publish","type":"page","link":"https:\/\/www.leners.lu\/de\/about\/","title":{"rendered":"\u00dcber uns"},"content":{"rendered":"<p><div class=\"fusion-fullwidth fullwidth-box fusion-builder-row-1 fusion-flex-container nonhundred-percent-fullwidth non-hundred-percent-height-scrolling\" style=\"--awb-border-radius-top-left:0px;--awb-border-radius-top-right:0px;--awb-border-radius-bottom-right:0px;--awb-border-radius-bottom-left:0px;--awb-flex-wrap:wrap;\" ><div class=\"fusion-builder-row fusion-row fusion-flex-align-items-flex-start fusion-flex-content-wrap\" style=\"max-width:1435.2px;margin-left: calc(-4% \/ 2 );margin-right: calc(-4% \/ 2 );\"><div class=\"fusion-layout-column fusion_builder_column fusion-builder-column-0 fusion_builder_column_1_1 1_1 fusion-flex-column\" style=\"--awb-padding-top:13vh;--awb-padding-right:5vw;--awb-padding-top-medium:8vh;--awb-padding-left-medium:4vh;--awb-padding-top-small:5vh;--awb-bg-size:cover;--awb-width-large:100%;--awb-margin-top-large:0px;--awb-spacing-right-large:1.92%;--awb-margin-bottom-large:0px;--awb-spacing-left-large:1.92%;--awb-width-medium:100%;--awb-order-medium:0;--awb-spacing-right-medium:1.92%;--awb-spacing-left-medium:1.92%;--awb-width-small:100%;--awb-order-small:1;--awb-spacing-right-small:1.92%;--awb-spacing-left-small:1.92%;\"><div class=\"fusion-column-wrapper fusion-column-has-shadow fusion-flex-justify-content-flex-start fusion-content-layout-column\"><div class=\"fusion-title title fusion-title-1 fusion-sep-none fusion-title-text fusion-title-size-two\" style=\"--awb-margin-bottom:4vh;--awb-font-size:34px;\"><h2 class=\"fusion-title-heading title-heading-left fusion-responsive-typography-calculated\" style=\"margin:0;font-size:1em;--fontSize:34;line-height:var(--awb-typography1-line-height);\">\u00dcber Leners &#8211; Avocat \u00e0 la Cour<\/h2><\/div><div class=\"fusion-text fusion-text-1\"><p>Im Juni 2019 wurde Max LENERS als Rechtsanwalt vereidigt. Anschlie\u00dfend sammelte er Erfahrungen in zwei Anwaltskanzleien, bevor er 2023 den Entschluss fasste, sich selbstst\u00e4ndig zu machen.<\/p>\n<p>In seiner Freizeit ver\u00f6ffentlicht Max LENERS regelm\u00e4\u00dfig in Fachbl\u00e4ttern und publiziert Artikel in der Presse.<\/p>\n<\/div><div class=\"fusion-separator fusion-full-width-sep\" style=\"align-self: center;margin-left: auto;margin-right: auto;margin-top:50px;margin-bottom:50px;width:100%;\"><div class=\"fusion-separator-border sep-single sep-solid\" style=\"--awb-height:20px;--awb-amount:20px;border-color:var(--awb-color3);border-top-width:1px;\"><\/div><\/div><div class=\"fusion-text fusion-text-2\"><p><strong>Lebenslauf<\/strong><\/p>\n<ul>\n<li>Mitglied der luxemburgischen Anwaltskammer, 2019<\/li>\n<li>King&#8217;s College London, Master of Laws (LLM), 2018<\/li>\n<li>Universit\u00e9 du Luxembourg, Master in Rechtswissenschaften, 2017<\/li>\n<li>Aix-Marseille Universit\u00e9, Master in Privatrecht und Kriminalwissenschaften, 2016<\/li>\n<li>Austauschsemester an der Universit\u00e4t Paris 1 Panth\u00e9on-Sorbonne, 2015<\/li>\n<li>Universit\u00e9 du Luxembourg, Bachelor in Rechtswissenschaften, 2012-2015<\/li>\n<\/ul>\n<\/div><div class=\"fusion-separator fusion-full-width-sep\" style=\"align-self: center;margin-left: auto;margin-right: auto;margin-top:50px;margin-bottom:50px;width:100%;\"><div class=\"fusion-separator-border sep-single sep-solid\" style=\"--awb-height:20px;--awb-amount:20px;border-color:var(--awb-color3);border-top-width:1px;\"><\/div><\/div><div class=\"fusion-text fusion-text-3\"><p><strong>Hobbys und andere Interessen<\/strong><\/p>\n<p>Radfahren, Wandern und Lesen<\/p>\n<p>Ver\u00f6ffentlichung von Kommentaren auf seinem pers\u00f6nlichen Blog und in der Presse<\/p>\n<p>Ehrenvorsitzender der Association Nationale des \u00c9tudiants Luxembourgeois en Droit (A.N.E.L.D.) (Nationale Vereinigung luxemburgischer Jurastudenten)<\/p>\n<\/div><div class=\"fusion-separator fusion-full-width-sep\" style=\"align-self: center;margin-left: auto;margin-right: auto;margin-top:50px;width:100%;\"><\/div><\/div><\/div><\/div><\/div><div id=\"Kontakt\" class=\"fusion-container-anchor\"><div class=\"fusion-fullwidth fullwidth-box fusion-builder-row-2 fusion-flex-container has-pattern-background has-mask-background nonhundred-percent-fullwidth non-hundred-percent-height-scrolling\" style=\"--link_color: var(--awb-color4);--awb-border-radius-top-left:0px;--awb-border-radius-top-right:0px;--awb-border-radius-bottom-right:0px;--awb-border-radius-bottom-left:0px;--awb-padding-top:5vh;--awb-padding-right-medium:15vw;--awb-padding-left-medium:15vw;--awb-padding-right-small:5vw;--awb-padding-left-small:5vw;--awb-flex-wrap:wrap;\" ><div class=\"fusion-builder-row fusion-row fusion-flex-align-items-stretch fusion-flex-content-wrap\" style=\"max-width:1435.2px;margin-left: calc(-4% \/ 2 );margin-right: calc(-4% \/ 2 );\"><div class=\"fusion-layout-column fusion_builder_column fusion-builder-column-1 fusion_builder_column_1_1 1_1 fusion-flex-column\" style=\"--awb-padding-top:60px;--awb-padding-right:60px;--awb-padding-bottom:45px;--awb-padding-left:60px;--awb-padding-top-medium:40px;--awb-padding-right-medium:40px;--awb-padding-bottom-medium:20px;--awb-padding-left-medium:40px;--awb-overflow:hidden;--awb-bg-position:left bottom;--awb-bg-size:cover;--awb-border-radius:6px 6px 6px 6px;--awb-width-large:100%;--awb-margin-top-large:0px;--awb-spacing-right-large:1.92%;--awb-margin-bottom-large:4vh;--awb-spacing-left-large:1.92%;--awb-width-medium:100%;--awb-order-medium:0;--awb-spacing-right-medium:1.92%;--awb-spacing-left-medium:1.92%;--awb-width-small:100%;--awb-order-small:0;--awb-spacing-right-small:1.92%;--awb-margin-bottom-small:30px;--awb-spacing-left-small:1.92%;\" data-motion-effects=\"[{&quot;type&quot;:&quot;&quot;,&quot;scroll_type&quot;:&quot;transition&quot;,&quot;scroll_direction&quot;:&quot;up&quot;,&quot;transition_speed&quot;:&quot;1&quot;,&quot;fade_type&quot;:&quot;in&quot;,&quot;scale_type&quot;:&quot;up&quot;,&quot;initial_scale&quot;:&quot;1&quot;,&quot;max_scale&quot;:&quot;1.5&quot;,&quot;min_scale&quot;:&quot;0.5&quot;,&quot;initial_rotate&quot;:&quot;0&quot;,&quot;end_rotate&quot;:&quot;30&quot;,&quot;initial_blur&quot;:&quot;0&quot;,&quot;end_blur&quot;:&quot;3&quot;,&quot;start_element&quot;:&quot;top&quot;,&quot;start_viewport&quot;:&quot;bottom&quot;,&quot;end_element&quot;:&quot;bottom&quot;,&quot;end_viewport&quot;:&quot;top&quot;,&quot;mouse_effect&quot;:&quot;track&quot;,&quot;mouse_effect_direction&quot;:&quot;opposite&quot;,&quot;mouse_effect_speed&quot;:&quot;2&quot;,&quot;infinite_animation&quot;:&quot;float&quot;,&quot;infinite_animation_speed&quot;:&quot;2&quot;}]\" data-scroll-devices=\"small-visibility,medium-visibility,large-visibility\"><div class=\"fusion-column-wrapper lazyload fusion-column-has-shadow fusion-flex-justify-content-flex-start fusion-content-layout-column fusion-column-has-bg-image\" data-bg-url=\"https:\/\/www.leners.lu\/wp-content\/uploads\/2020\/08\/box-bg-2.svg\" data-bg=\"https:\/\/www.leners.lu\/wp-content\/uploads\/2020\/08\/box-bg-2.svg\"><div class=\"fusion-title title fusion-title-2 fusion-sep-none fusion-title-text fusion-title-size-two\" style=\"--awb-text-color:#8c1625;--awb-margin-bottom:3vh;--awb-font-size:51px;\"><h2 class=\"fusion-title-heading title-heading-left fusion-responsive-typography-calculated\" style=\"margin:0;font-size:1em;--fontSize:51;line-height:var(--awb-typography1-line-height);\"><p style=\"text-align: left;\">Kontaktieren Sie uns<\/p><\/h2><\/div><div class=\"fusion-text fusion-text-4\"><p><strong>Adresse:<\/strong><br \/>\nLeners \u2013 Rechtsanwalt am Gerichtshof<\/p>\n<p>Glesener Stra\u00dfe 15<br \/>\nL-1631 Luxemburg<\/p>\n<p>Telefon:<strong> <a href=\"tel:+352%20691%20375%20357\">+352 691 375 357<\/a><\/strong><\/p>\n<p>E-Mail: <strong><br \/>\n<a href=\"mailto:contact@leners.lu\">contact@leners.lu<\/a><br \/>\n<\/strong><\/p>\n<\/div><div class=\"fusion-separator fusion-full-width-sep\" style=\"align-self: center;margin-left: auto;margin-right: auto;margin-top:30px;margin-bottom:30px;width:100%;\"><div class=\"fusion-separator-border sep-single sep-solid\" style=\"--awb-height:20px;--awb-amount:20px;--awb-sep-color:#bfbfbf;border-color:#bfbfbf;border-top-width:1px;\"><\/div><\/div><div class=\"fusion-title title fusion-title-3 fusion-sep-none fusion-title-text fusion-title-size-four\" style=\"--awb-text-color:#8c1625;--awb-margin-bottom:3vh;--awb-font-size:22px;\"><h4 class=\"fusion-title-heading title-heading-left fusion-responsive-typography-calculated\" style=\"margin:0;font-size:1em;--fontSize:22;--minFontSize:22;line-height:var(--awb-typography1-line-height);\"><p style=\"text-align: left;\">oder kontaktieren Sie uns hier:<\/p><\/h4><\/div>\n<div class=\"wpcf7 no-js\" id=\"wpcf7-f1410-o1\" lang=\"de-DE\" dir=\"ltr\" data-wpcf7-id=\"1410\">\n<div class=\"screen-reader-response\"><p role=\"status\" aria-live=\"polite\" aria-atomic=\"true\"><\/p> <ul><\/ul><\/div>\n<form action=\"\/de\/wp-json\/wp\/v2\/pages\/1318#wpcf7-f1410-o1\" method=\"post\" class=\"wpcf7-form init\" aria-label=\"Kontaktformular\" novalidate=\"novalidate\" data-status=\"init\">\n<div style=\"display: none;\">\n<input type=\"hidden\" name=\"_wpcf7\" value=\"1410\" \/>\n<input type=\"hidden\" name=\"_wpcf7_version\" value=\"6.0.2\" \/>\n<input type=\"hidden\" name=\"_wpcf7_locale\" value=\"de_DE\" \/>\n<input type=\"hidden\" name=\"_wpcf7_unit_tag\" value=\"wpcf7-f1410-o1\" \/>\n<input type=\"hidden\" name=\"_wpcf7_container_post\" value=\"0\" \/>\n<input type=\"hidden\" name=\"_wpcf7_posted_data_hash\" value=\"\" \/>\n<\/div>\n<p><label> Ihr Name<br \/>\n<span class=\"wpcf7-form-control-wrap\" data-name=\"your-name\"><input size=\"40\" maxlength=\"400\" class=\"wpcf7-form-control wpcf7-text wpcf7-validates-as-required\" autocomplete=\"name\" aria-required=\"true\" aria-invalid=\"false\" value=\"\" type=\"text\" name=\"your-name\" \/><\/span> <\/label>\n<\/p>\n<p><label> Ihre E-Mail-Adresse<br \/>\n<span class=\"wpcf7-form-control-wrap\" data-name=\"your-email\"><input size=\"40\" maxlength=\"400\" class=\"wpcf7-form-control wpcf7-email wpcf7-validates-as-required wpcf7-text wpcf7-validates-as-email\" autocomplete=\"email\" aria-required=\"true\" aria-invalid=\"false\" value=\"\" type=\"email\" name=\"your-email\" \/><\/span> <\/label>\n<\/p>\n<p><label> Thema<br \/>\n<span class=\"wpcf7-form-control-wrap\" data-name=\"your-subject\"><input size=\"40\" maxlength=\"400\" class=\"wpcf7-form-control wpcf7-text wpcf7-validates-as-required\" aria-required=\"true\" aria-invalid=\"false\" value=\"\" type=\"text\" name=\"your-subject\" \/><\/span> <\/label>\n<\/p>\n<p><label> Ihre Nachricht<br \/>\n<span class=\"wpcf7-form-control-wrap\" data-name=\"your-message\"><textarea cols=\"40\" rows=\"10\" maxlength=\"2000\" class=\"wpcf7-form-control wpcf7-textarea\" aria-invalid=\"false\" name=\"your-message\"><\/textarea><\/span> <\/label>\n<\/p>\n<p><input class=\"wpcf7-form-control wpcf7-submit has-spinner\" type=\"submit\" value=\"Envoyer\" \/>\n<\/p><p style=\"display: none !important;\" class=\"akismet-fields-container\" data-prefix=\"_wpcf7_ak_\"><label>&#916;<textarea name=\"_wpcf7_ak_hp_textarea\" cols=\"45\" rows=\"8\" maxlength=\"100\"><\/textarea><\/label><input type=\"hidden\" id=\"ak_js_1\" name=\"_wpcf7_ak_js\" value=\"208\"\/><script>document.getElementById( \"ak_js_1\" ).setAttribute( \"value\", ( new Date() ).getTime() );<\/script><\/p><div class=\"fusion-alert alert custom alert-custom fusion-alert-center wpcf7-response-output awb-alert-native-link-color alert-dismissable awb-alert-close-boxed\" style=\"--awb-border-size:1px;--awb-border-top-left-radius:0px;--awb-border-top-right-radius:0px;--awb-border-bottom-left-radius:0px;--awb-border-bottom-right-radius:0px;\" role=\"alert\"><div class=\"fusion-alert-content-wrapper\"><span class=\"fusion-alert-content\"><\/span><\/div><button type=\"button\" class=\"close toggle-alert\" data-dismiss=\"alert\" aria-label=\"Close\">&times;<\/button><\/div>\n<\/form>\n<\/div>\n<\/div><\/div><\/div><\/div><\/div>\n<\/p>\n","protected":false},"excerpt":{"rendered":"","protected":false},"author":1,"featured_media":0,"parent":0,"menu_order":0,"comment_status":"closed","ping_status":"closed","template":"100-width.php","meta":{"footnotes":""},"class_list":["post-1318","page","type-page","status-publish","hentry"],"yoast_head":"<!-- This site is optimized with the Yoast SEO plugin v24.1 - https:\/\/yoast.com\/wordpress\/plugins\/seo\/ -->\n<title>\u00dcber uns - Leners - Avocat \u00e0 la Cour<\/title>\n<meta name=\"robots\" content=\"index, follow, max-snippet:-1, max-image-preview:large, max-video-preview:-1\" \/>\n<link rel=\"canonical\" href=\"https:\/\/www.leners.lu\/de\/about\/\" \/>\n<meta property=\"og:locale\" content=\"de_DE\" \/>\n<meta property=\"og:type\" content=\"article\" \/>\n<meta property=\"og:title\" content=\"\u00dcber uns - Leners - Avocat \u00e0 la Cour\" \/>\n<meta property=\"og:url\" content=\"https:\/\/www.leners.lu\/de\/about\/\" \/>\n<meta property=\"og:site_name\" content=\"Leners - Avocat \u00e0 la Cour\" \/>\n<meta property=\"article:modified_time\" content=\"2024-01-06T16:38:59+00:00\" \/>\n<meta property=\"og:image\" content=\"https:\/\/i0.wp.com\/www.leners.lu\/wp-content\/uploads\/2024\/01\/OGIMAGE.jpg?fit=1080%2C640&ssl=1\" \/>\n\t<meta property=\"og:image:width\" content=\"1080\" \/>\n\t<meta property=\"og:image:height\" content=\"640\" \/>\n\t<meta property=\"og:image:type\" content=\"image\/jpeg\" \/>\n<meta name=\"twitter:card\" content=\"summary_large_image\" \/>\n<meta name=\"twitter:label1\" content=\"Gesch\u00e4tzte Lesezeit\" \/>\n\t<meta name=\"twitter:data1\" content=\"1\u00a0Minute\" \/>\n<script type=\"application\/ld+json\" class=\"yoast-schema-graph\">{\"@context\":\"https:\/\/schema.org\",\"@graph\":[{\"@type\":\"WebPage\",\"@id\":\"https:\/\/www.leners.lu\/de\/about\/\",\"url\":\"https:\/\/www.leners.lu\/de\/about\/\",\"name\":\"\u00dcber uns - Leners - Avocat \u00e0 la Cour\",\"isPartOf\":{\"@id\":\"https:\/\/www.leners.lu\/de\/#website\"},\"datePublished\":\"2020-08-25T14:11:16+00:00\",\"dateModified\":\"2024-01-06T16:38:59+00:00\",\"breadcrumb\":{\"@id\":\"https:\/\/www.leners.lu\/de\/about\/#breadcrumb\"},\"inLanguage\":\"de\",\"potentialAction\":[{\"@type\":\"ReadAction\",\"target\":[\"https:\/\/www.leners.lu\/de\/about\/\"]}]},{\"@type\":\"BreadcrumbList\",\"@id\":\"https:\/\/www.leners.lu\/de\/about\/#breadcrumb\",\"itemListElement\":[{\"@type\":\"ListItem\",\"position\":1,\"name\":\"Home\",\"item\":\"https:\/\/www.leners.lu\/de\/\"},{\"@type\":\"ListItem\",\"position\":2,\"name\":\"\u00dcber uns\"}]},{\"@type\":\"WebSite\",\"@id\":\"https:\/\/www.leners.lu\/de\/#website\",\"url\":\"https:\/\/www.leners.lu\/de\/\",\"name\":\"Leners - Avocat \u00e0 la Cour\",\"description\":\"Leners \u2013 Avocat \u00e0 la Cour est une \u00e9tude d\u2019avocats luxembourgeoise offrant des services juridiques de conseil et de contentieux.\",\"publisher\":{\"@id\":\"https:\/\/www.leners.lu\/de\/#organization\"},\"alternateName\":\"Leners\",\"potentialAction\":[{\"@type\":\"SearchAction\",\"target\":{\"@type\":\"EntryPoint\",\"urlTemplate\":\"https:\/\/www.leners.lu\/de\/?s={search_term_string}\"},\"query-input\":{\"@type\":\"PropertyValueSpecification\",\"valueRequired\":true,\"valueName\":\"search_term_string\"}}],\"inLanguage\":\"de\"},{\"@type\":\"Organization\",\"@id\":\"https:\/\/www.leners.lu\/de\/#organization\",\"name\":\"Leners - Avocat \u00e0 la Cour\",\"url\":\"https:\/\/www.leners.lu\/de\/\",\"logo\":{\"@type\":\"ImageObject\",\"inLanguage\":\"de\",\"@id\":\"https:\/\/www.leners.lu\/de\/#\/schema\/logo\/image\/\",\"url\":\"https:\/\/i0.wp.com\/www.leners.lu\/wp-content\/uploads\/2023\/11\/Leners-horizontal.png?fit=1528%2C583&ssl=1\",\"contentUrl\":\"https:\/\/i0.wp.com\/www.leners.lu\/wp-content\/uploads\/2023\/11\/Leners-horizontal.png?fit=1528%2C583&ssl=1\",\"width\":1528,\"height\":583,\"caption\":\"Leners - Avocat \u00e0 la Cour\"},\"image\":{\"@id\":\"https:\/\/www.leners.lu\/de\/#\/schema\/logo\/image\/\"}}]}<\/script>\n<!-- \/ Yoast SEO plugin. -->","yoast_head_json":{"title":"\u00dcber uns - Leners - Avocat \u00e0 la Cour","robots":{"index":"index","follow":"follow","max-snippet":"max-snippet:-1","max-image-preview":"max-image-preview:large","max-video-preview":"max-video-preview:-1"},"canonical":"https:\/\/www.leners.lu\/de\/about\/","og_locale":"de_DE","og_type":"article","og_title":"\u00dcber uns - Leners - Avocat \u00e0 la Cour","og_url":"https:\/\/www.leners.lu\/de\/about\/","og_site_name":"Leners - Avocat \u00e0 la Cour","article_modified_time":"2024-01-06T16:38:59+00:00","og_image":[{"width":1080,"height":640,"url":"https:\/\/i0.wp.com\/www.leners.lu\/wp-content\/uploads\/2024\/01\/OGIMAGE.jpg?fit=1080%2C640&ssl=1","type":"image\/jpeg"}],"twitter_card":"summary_large_image","twitter_misc":{"Gesch\u00e4tzte Lesezeit":"1\u00a0Minute"},"schema":{"@context":"https:\/\/schema.org","@graph":[{"@type":"WebPage","@id":"https:\/\/www.leners.lu\/de\/about\/","url":"https:\/\/www.leners.lu\/de\/about\/","name":"\u00dcber uns - Leners - Avocat \u00e0 la Cour","isPartOf":{"@id":"https:\/\/www.leners.lu\/de\/#website"},"datePublished":"2020-08-25T14:11:16+00:00","dateModified":"2024-01-06T16:38:59+00:00","breadcrumb":{"@id":"https:\/\/www.leners.lu\/de\/about\/#breadcrumb"},"inLanguage":"de","potentialAction":[{"@type":"ReadAction","target":["https:\/\/www.leners.lu\/de\/about\/"]}]},{"@type":"BreadcrumbList","@id":"https:\/\/www.leners.lu\/de\/about\/#breadcrumb","itemListElement":[{"@type":"ListItem","position":1,"name":"Home","item":"https:\/\/www.leners.lu\/de\/"},{"@type":"ListItem","position":2,"name":"\u00dcber uns"}]},{"@type":"WebSite","@id":"https:\/\/www.leners.lu\/de\/#website","url":"https:\/\/www.leners.lu\/de\/","name":"Leners - Avocat \u00e0 la Cour","description":"Leners \u2013 Avocat \u00e0 la Cour est une \u00e9tude d\u2019avocats luxembourgeoise offrant des services juridiques de conseil et de contentieux.","publisher":{"@id":"https:\/\/www.leners.lu\/de\/#organization"},"alternateName":"Leners","potentialAction":[{"@type":"SearchAction","target":{"@type":"EntryPoint","urlTemplate":"https:\/\/www.leners.lu\/de\/?s={search_term_string}"},"query-input":{"@type":"PropertyValueSpecification","valueRequired":true,"valueName":"search_term_string"}}],"inLanguage":"de"},{"@type":"Organization","@id":"https:\/\/www.leners.lu\/de\/#organization","name":"Leners - Avocat \u00e0 la Cour","url":"https:\/\/www.leners.lu\/de\/","logo":{"@type":"ImageObject","inLanguage":"de","@id":"https:\/\/www.leners.lu\/de\/#\/schema\/logo\/image\/","url":"https:\/\/i0.wp.com\/www.leners.lu\/wp-content\/uploads\/2023\/11\/Leners-horizontal.png?fit=1528%2C583&ssl=1","contentUrl":"https:\/\/i0.wp.com\/www.leners.lu\/wp-content\/uploads\/2023\/11\/Leners-horizontal.png?fit=1528%2C583&ssl=1","width":1528,"height":583,"caption":"Leners - Avocat \u00e0 la Cour"},"image":{"@id":"https:\/\/www.leners.lu\/de\/#\/schema\/logo\/image\/"}}]}},"jetpack_sharing_enabled":true,"_links":{"self":[{"href":"https:\/\/www.leners.lu\/de\/wp-json\/wp\/v2\/pages\/1318","targetHints":{"allow":["GET"]}}],"collection":[{"href":"https:\/\/www.leners.lu\/de\/wp-json\/wp\/v2\/pages"}],"about":[{"href":"https:\/\/www.leners.lu\/de\/wp-json\/wp\/v2\/types\/page"}],"author":[{"embeddable":true,"href":"https:\/\/www.leners.lu\/de\/wp-json\/wp\/v2\/users\/1"}],"replies":[{"embeddable":true,"href":"https:\/\/www.leners.lu\/de\/wp-json\/wp\/v2\/comments?post=1318"}],"version-history":[{"count":14,"href":"https:\/\/www.leners.lu\/de\/wp-json\/wp\/v2\/pages\/1318\/revisions"}],"predecessor-version":[{"id":1576,"href":"https:\/\/www.leners.lu\/de\/wp-json\/wp\/v2\/pages\/1318\/revisions\/1576"}],"wp:attachment":[{"href":"https:\/\/www.leners.lu\/de\/wp-json\/wp\/v2\/media?parent=1318"}],"curies":[{"name":"wp","href":"https:\/\/api.w.org\/{rel}","templated":true}]}}